{"id":12,"date":"2025-01-06T12:31:15","date_gmt":"2025-01-06T11:31:15","guid":{"rendered":"http:\/\/www.medilux-mobile-pflege.de\/?page_id=12"},"modified":"2025-09-24T09:46:44","modified_gmt":"2025-09-24T07:46:44","slug":"herzlich-willkommen-bei-medilux-mobile-pflege","status":"publish","type":"page","link":"https:\/\/www.medilux-mobile-pflege.de\/","title":{"rendered":"Herzlich Willkommen bei MediLux &#8211; Mobile &#8211; Pflege"},"content":{"rendered":"\n<div class=\"wp-block-group alignfull has-global-padding is-layout-constrained wp-container-core-group-is-layout-60c154a9 wp-block-group-is-layout-constrained\" style=\"padding-top:var(--wp--preset--spacing--20);padding-right:var(--wp--preset--spacing--20);padding-bottom:var(--wp--preset--spacing--20);padding-left:var(--wp--preset--spacing--20)\">\n<figure class=\"wp-block-image size-full\"><img loading=\"lazy\" decoding=\"async\" width=\"600\" height=\"568\" src=\"https:\/\/www.medilux-mobile-pflege.de\/wp-content\/uploads\/2025\/01\/LogoMidSize.png\" alt=\"\" class=\"wp-image-19\" srcset=\"https:\/\/www.medilux-mobile-pflege.de\/wp-content\/uploads\/2025\/01\/LogoMidSize.png 600w, https:\/\/www.medilux-mobile-pflege.de\/wp-content\/uploads\/2025\/01\/LogoMidSize-300x284.png 300w\" sizes=\"auto, (max-width: 600px) 100vw, 600px\" \/><\/figure>\n\n\n\n<div class=\"wp-block-group has-global-padding is-layout-constrained wp-container-core-group-is-layout-650790e1 wp-block-group-is-layout-constrained\">\n<h1 class=\"wp-block-heading has-text-align-center has-x-large-font-size\">Individuelle Pflege und Betreuung im gewohnten Umfeld<\/h1>\n\n\n\n<div style=\"height:1.25rem\" aria-hidden=\"true\" class=\"wp-block-spacer\"><\/div>\n\n\n\n<p class=\"has-text-align-center\">Wir freuen uns, dass Sie uns gefunden haben! <\/p>\n\n\n\n<p class=\"has-text-align-center\">Wenn h\u00e4usliche Pflege f\u00fcr Sie oder einen Angeh\u00f6rigen zum Thema wird, nehmen wir uns gerne die Zeit f\u00fcr eine pers\u00f6nliche und ausf\u00fchrliche Beratung in unseren Gesch\u00e4ftsr\u00e4umen oder bei Ihnen zu Hause. Gemeinsam finden wir eine individuelle L\u00f6sung f\u00fcr Ihre W\u00fcnsche.<\/p>\n\n\n\n<div style=\"height:1.25rem\" aria-hidden=\"true\" class=\"wp-block-spacer\"><\/div>\n\n\n\n<div class=\"wp-block-buttons is-content-justification-center is-layout-flex wp-container-core-buttons-is-layout-a89b3969 wp-block-buttons-is-layout-flex\">\n<div class=\"wp-block-button is-style-fill\"><a class=\"wp-block-button__link wp-element-button\" href=\"#Kontakt\">Kontakt aufnehmen<\/a><\/div>\n<\/div>\n<\/div>\n<\/div>\n\n\n\n<div class=\"wp-block-group alignfull has-base-2-background-color has-background has-global-padding is-layout-constrained wp-container-core-group-is-layout-41cf788d wp-block-group-is-layout-constrained\" style=\"margin-top:0;margin-bottom:0;padding-top:var(--wp--preset--spacing--20);padding-right:var(--wp--preset--spacing--20);padding-bottom:var(--wp--preset--spacing--20);padding-left:var(--wp--preset--spacing--20)\">\n<div class=\"wp-block-group is-vertical is-content-justification-center is-layout-flex wp-container-core-group-is-layout-52b864f0 wp-block-group-is-layout-flex\">\n<h2 class=\"wp-block-heading has-text-align-center is-style-asterisk\">Aktuelles<\/h2>\n\n\n\n<div style=\"height:0px\" aria-hidden=\"true\" class=\"wp-block-spacer wp-container-content-4f2ccadb\"><\/div>\n\n\n\n<p class=\"has-text-align-center\">Wir suchen derzeit examiniertes Fachpersonal und freuen uns \u00fcber Ihre Bewerbung!<\/p>\n\n\n\n<div style=\"height:0px\" aria-hidden=\"true\" class=\"wp-block-spacer wp-container-content-4f2ccadb\"><\/div>\n\n\n\n<div class=\"wp-block-buttons is-content-justification-center is-layout-flex wp-container-core-buttons-is-layout-a89b3969 wp-block-buttons-is-layout-flex\">\n<div class=\"wp-block-button is-style-fill\"><a class=\"wp-block-button__link wp-element-button\" href=\"#Kontakt\">Kontakt aufnehmen<\/a><\/div>\n<\/div>\n<\/div>\n<\/div>\n\n\n\n<h2 class=\"wp-block-heading has-text-align-center is-style-asterisk\">Unser Team<\/h2>\n\n\n\n<figure class=\"wp-block-image size-full\"><img loading=\"lazy\" decoding=\"async\" width=\"800\" height=\"533\" src=\"https:\/\/www.medilux-mobile-pflege.de\/wp-content\/uploads\/2025\/09\/Team2025.jpg\" alt=\"\" class=\"wp-image-49\" srcset=\"https:\/\/www.medilux-mobile-pflege.de\/wp-content\/uploads\/2025\/09\/Team2025.jpg 800w, https:\/\/www.medilux-mobile-pflege.de\/wp-content\/uploads\/2025\/09\/Team2025-300x200.jpg 300w, https:\/\/www.medilux-mobile-pflege.de\/wp-content\/uploads\/2025\/09\/Team2025-768x512.jpg 768w\" sizes=\"auto, (max-width: 800px) 100vw, 800px\" \/><\/figure>\n\n\n\n<p><\/p>\n\n\n\n<div class=\"wp-block-group alignfull has-base-2-background-color has-background has-global-padding is-layout-constrained wp-container-core-group-is-layout-60c154a9 wp-block-group-is-layout-constrained\" style=\"padding-top:var(--wp--preset--spacing--20);padding-right:var(--wp--preset--spacing--20);padding-bottom:var(--wp--preset--spacing--20);padding-left:var(--wp--preset--spacing--20)\">\n<div class=\"wp-block-group has-global-padding is-layout-constrained wp-container-core-group-is-layout-650790e1 wp-block-group-is-layout-constrained\">\n<h1 class=\"wp-block-heading has-text-align-center is-style-asterisk has-x-large-font-size\">Unser Leitbild<\/h1>\n\n\n\n<div style=\"height:1.25rem\" aria-hidden=\"true\" class=\"wp-block-spacer\"><\/div>\n\n\n\n<p class=\"has-text-align-center\">Wir haben es zu unserer Aufgabe gemacht, hilfebed\u00fcrftigen, kranken und alten Menschen trotz gesundheitlicher Einschr\u00e4nkungen zu erm\u00f6glichen, in ihrer h\u00e4uslichen Umgebung zu verbleiben. Jeder Mensch kann von heute auf morgen in die Situation kommen, Hilfe zu ben\u00f6tigen.<\/p>\n\n\n\n<div style=\"height:1.25rem\" aria-hidden=\"true\" class=\"wp-block-spacer\"><\/div>\n\n\n\n<p class=\"has-text-align-center\"><em><strong>Die W\u00fcrde des Menschen ist unantastbar, im Mittelpunkt der Pflege steht der Mensch.<\/strong><\/em><\/p>\n\n\n\n<div style=\"height:1.25rem\" aria-hidden=\"true\" class=\"wp-block-spacer\"><\/div>\n\n\n\n<p class=\"has-text-align-center\">Wir leisten fachgerechte Pflege, legen viel Wert auf Freundlichkeit und Einf\u00fchlungsverm\u00f6gen und erhalten und schaffen hochwertige Pflege und Betreuungsangebote.<\/p>\n\n\n\n<div style=\"height:1.25rem\" aria-hidden=\"true\" class=\"wp-block-spacer\"><\/div>\n\n\n\n<p class=\"has-text-align-center\">Jeder unserer Mitarbeiter steht f\u00fcr die Qualit\u00e4t in seinem Arbeitsbereich. Wir sind motiviert unseren Kunden eine Versorgung anzubieten, die sich nach ihren individuellen Bed\u00fcrfnissen, W\u00fcnschen und Lebenserfahrungen richtet. Dabei ist es unser Ziel die Gesundheit und Selbstst\u00e4ndigkeit unserer Kunden zu erhalten.<\/p>\n<\/div>\n<\/div>\n\n\n\n<div class=\"wp-block-group alignfull has-base-background-color has-background has-global-padding is-layout-constrained wp-container-core-group-is-layout-41cf788d wp-block-group-is-layout-constrained\" style=\"margin-top:0;margin-bottom:0;padding-top:var(--wp--preset--spacing--20);padding-right:var(--wp--preset--spacing--20);padding-bottom:var(--wp--preset--spacing--20);padding-left:var(--wp--preset--spacing--20)\">\n<div class=\"wp-block-group is-vertical is-content-justification-center is-layout-flex wp-container-core-group-is-layout-52b864f0 wp-block-group-is-layout-flex\">\n<h2 class=\"wp-block-heading has-text-align-center is-style-asterisk\">Unsere Leistungen f\u00fcr Sie<\/h2>\n\n\n\n<div style=\"height:0px\" aria-hidden=\"true\" class=\"wp-block-spacer wp-container-content-4f2ccadb\"><\/div>\n\n\n\n<p class=\"has-text-align-center\">Als ambulanter Pflegedienst MediLux-Mobile-Pflege unterst\u00fctzen wir Pflegebed\u00fcrftige und ihre Angeh\u00f6rigen bei der Pflege in gewohnter Umgebung zu Hause. Wir bieten Familien und Angeh\u00f6rigen Unterst\u00fctzung und Hilfe im Alltag.&nbsp;Unsere Leistungsangebote der h\u00e4uslichen Pflege erstrecken sich dabei auf verschiedene Bereiche.&nbsp;<\/p>\n\n\n\n<div style=\"margin-top:0;margin-bottom:0;height:0px\" aria-hidden=\"true\" class=\"wp-block-spacer wp-container-content-9d1f8957\"><\/div>\n<\/div>\n\n\n\n<div class=\"wp-block-columns alignwide is-layout-flex wp-container-core-columns-is-layout-d0bbbce0 wp-block-columns-is-layout-flex\">\n<div class=\"wp-block-column is-layout-flow wp-container-core-column-is-layout-e3d1c41b wp-block-column-is-layout-flow\">\n<h3 class=\"wp-block-heading has-text-align-left is-style-asterisk has-body-font-family has-medium-font-size\" style=\"font-style:normal;font-weight:600\">Grundpflegerische T\u00e4tigkeiten<\/h3>\n<\/div>\n\n\n\n<div class=\"wp-block-column is-layout-flow wp-container-core-column-is-layout-e3d1c41b wp-block-column-is-layout-flow\">\n<h3 class=\"wp-block-heading has-text-align-left is-style-asterisk has-body-font-family has-medium-font-size\" style=\"font-style:normal;font-weight:600\">Behandlungspflege SGB V<\/h3>\n<\/div>\n\n\n\n<div class=\"wp-block-column is-layout-flow wp-container-core-column-is-layout-e3d1c41b wp-block-column-is-layout-flow\">\n<h3 class=\"wp-block-heading has-text-align-left is-style-asterisk has-body-font-family has-medium-font-size\" style=\"font-style:normal;font-weight:600\">Pflegeberatung gem\u00e4\u00df \u00a737 Abs. 3 SGB XI<\/h3>\n<\/div>\n<\/div>\n\n\n\n<div style=\"height:var(--wp--preset--spacing--20)\" aria-hidden=\"true\" class=\"wp-block-spacer\"><\/div>\n\n\n\n<div class=\"wp-block-columns alignwide is-layout-flex wp-container-core-columns-is-layout-d0bbbce0 wp-block-columns-is-layout-flex\">\n<div class=\"wp-block-column is-layout-flow wp-container-core-column-is-layout-e3d1c41b wp-block-column-is-layout-flow\">\n<h3 class=\"wp-block-heading has-text-align-left is-style-asterisk has-body-font-family has-medium-font-size\" style=\"font-style:normal;font-weight:600\">Hauswirtschaftliche Versorgung<\/h3>\n<\/div>\n\n\n\n<div class=\"wp-block-column is-layout-flow wp-container-core-column-is-layout-e3d1c41b wp-block-column-is-layout-flow\">\n<h3 class=\"wp-block-heading has-text-align-left is-style-asterisk has-body-font-family has-medium-font-size\" style=\"font-style:normal;font-weight:600\">Portversorgung<\/h3>\n<\/div>\n\n\n\n<div class=\"wp-block-column is-layout-flow wp-container-core-column-is-layout-e3d1c41b wp-block-column-is-layout-flow\">\n<h3 class=\"wp-block-heading has-text-align-left is-style-asterisk has-body-font-family has-medium-font-size\" style=\"font-style:normal;font-weight:600\">Entlastungsleistungen<\/h3>\n<\/div>\n<\/div>\n<\/div>\n\n\n\n<div class=\"wp-block-group alignfull has-base-2-background-color has-background has-global-padding is-layout-constrained wp-container-core-group-is-layout-1131737d wp-block-group-is-layout-constrained\" style=\"margin-top:0;margin-bottom:0;padding-top:var(--wp--preset--spacing--20);padding-right:var(--wp--preset--spacing--20);padding-bottom:var(--wp--preset--spacing--20);padding-left:var(--wp--preset--spacing--20)\">\n<div class=\"wp-block-group alignwide has-global-padding is-layout-constrained wp-container-core-group-is-layout-19e250f3 wp-block-group-is-layout-constrained\">\n<div class=\"wp-block-group is-vertical is-content-justification-center is-layout-flex wp-container-core-group-is-layout-6329a8f3 wp-block-group-is-layout-flex\">\n<h2 class=\"wp-block-heading has-text-align-center is-style-asterisk\">Ihre Ansprechpartner<\/h2>\n<\/div>\n\n\n\n<div style=\"height:var(--wp--preset--spacing--40)\" aria-hidden=\"true\" class=\"wp-block-spacer\"><\/div>\n\n\n\n<div class=\"wp-block-columns alignwide is-layout-flex wp-container-core-columns-is-layout-d1c656ed wp-block-columns-is-layout-flex\">\n<div class=\"wp-block-column is-vertically-aligned-center is-layout-flow wp-block-column-is-layout-flow\" style=\"flex-basis:22.22%\">\n<h3 class=\"wp-block-heading is-style-asterisk\">Angela Luxem<\/h3>\n\n\n\n<p>Gesch\u00e4ftsf\u00fchrung<\/p>\n<\/div>\n\n\n\n<div class=\"wp-block-column is-layout-flow wp-block-column-is-layout-flow\" style=\"flex-basis:27.78%\">\n<figure class=\"wp-block-image aligncenter size-medium is-style-rounded is-style-rounded--1\"><img loading=\"lazy\" decoding=\"async\" width=\"225\" height=\"300\" src=\"https:\/\/www.medilux-mobile-pflege.de\/wp-content\/uploads\/2025\/01\/team_angela-225x300.jpg\" alt=\"\" class=\"wp-image-20\" srcset=\"https:\/\/www.medilux-mobile-pflege.de\/wp-content\/uploads\/2025\/01\/team_angela-225x300.jpg 225w, https:\/\/www.medilux-mobile-pflege.de\/wp-content\/uploads\/2025\/01\/team_angela.jpg 375w\" sizes=\"auto, (max-width: 225px) 100vw, 225px\" \/><\/figure>\n<\/div>\n\n\n\n<div class=\"wp-block-column is-vertically-aligned-center is-layout-flow wp-block-column-is-layout-flow\" style=\"flex-basis:25%\">\n<h3 class=\"wp-block-heading is-style-asterisk\">Ursula Schulz<\/h3>\n\n\n\n<p>Pflegedienstleitung<\/p>\n<\/div>\n\n\n\n<div class=\"wp-block-column is-layout-flow wp-block-column-is-layout-flow\" style=\"flex-basis:25%\">\n<figure class=\"wp-block-image aligncenter size-medium is-style-rounded is-style-rounded--2\"><img loading=\"lazy\" decoding=\"async\" width=\"225\" height=\"300\" src=\"https:\/\/www.medilux-mobile-pflege.de\/wp-content\/uploads\/2025\/01\/team_ursula-225x300.jpg\" alt=\"\" class=\"wp-image-21\" srcset=\"https:\/\/www.medilux-mobile-pflege.de\/wp-content\/uploads\/2025\/01\/team_ursula-225x300.jpg 225w, https:\/\/www.medilux-mobile-pflege.de\/wp-content\/uploads\/2025\/01\/team_ursula.jpg 375w\" sizes=\"auto, (max-width: 225px) 100vw, 225px\" \/><\/figure>\n<\/div>\n<\/div>\n\n\n\n<div class=\"wp-block-columns alignwide is-layout-flex wp-container-core-columns-is-layout-d1c656ed wp-block-columns-is-layout-flex\">\n<div class=\"wp-block-column is-layout-flow wp-block-column-is-layout-flow\" style=\"flex-basis:50%\"><\/div>\n\n\n\n<div class=\"wp-block-column is-vertically-aligned-center is-layout-flow wp-block-column-is-layout-flow\" style=\"flex-basis:40%\"><\/div>\n<\/div>\n\n\n\n<div class=\"wp-block-columns alignwide is-layout-flex wp-container-core-columns-is-layout-d1c656ed wp-block-columns-is-layout-flex\">\n<div class=\"wp-block-column is-vertically-aligned-center is-layout-flow wp-block-column-is-layout-flow\" style=\"flex-basis:22.22%\">\n<h3 class=\"wp-block-heading is-style-asterisk\">Paul Luxem<\/h3>\n\n\n\n<p>stellvertretende Pflegedienstleitung<\/p>\n<\/div>\n\n\n\n<div class=\"wp-block-column is-layout-flow wp-block-column-is-layout-flow\" style=\"flex-basis:27.78%\">\n<figure class=\"wp-block-image aligncenter size-medium is-style-rounded is-style-rounded--3\"><img loading=\"lazy\" decoding=\"async\" width=\"225\" height=\"300\" src=\"https:\/\/www.medilux-mobile-pflege.de\/wp-content\/uploads\/2025\/01\/team_paul-225x300.jpg\" alt=\"\" class=\"wp-image-22\" srcset=\"https:\/\/www.medilux-mobile-pflege.de\/wp-content\/uploads\/2025\/01\/team_paul-225x300.jpg 225w, https:\/\/www.medilux-mobile-pflege.de\/wp-content\/uploads\/2025\/01\/team_paul.jpg 375w\" sizes=\"auto, (max-width: 225px) 100vw, 225px\" \/><\/figure>\n<\/div>\n\n\n\n<div class=\"wp-block-column is-vertically-aligned-center is-layout-flow wp-block-column-is-layout-flow\" style=\"flex-basis:25%\">\n<h3 class=\"wp-block-heading is-style-asterisk\">B\u00e4rbel Birgfellner<\/h3>\n\n\n\n<p>Leitung Hauswirtschaft<\/p>\n<\/div>\n\n\n\n<div class=\"wp-block-column is-layout-flow wp-block-column-is-layout-flow\" style=\"flex-basis:25%\">\n<figure class=\"wp-block-image aligncenter size-medium is-style-rounded is-style-rounded--4\"><img loading=\"lazy\" decoding=\"async\" width=\"225\" height=\"300\" src=\"https:\/\/www.medilux-mobile-pflege.de\/wp-content\/uploads\/2025\/01\/team_baerbel-225x300.jpg\" alt=\"\" class=\"wp-image-23\" srcset=\"https:\/\/www.medilux-mobile-pflege.de\/wp-content\/uploads\/2025\/01\/team_baerbel-225x300.jpg 225w, https:\/\/www.medilux-mobile-pflege.de\/wp-content\/uploads\/2025\/01\/team_baerbel.jpg 375w\" sizes=\"auto, (max-width: 225px) 100vw, 225px\" \/><\/figure>\n<\/div>\n<\/div>\n\n\n\n<div class=\"wp-block-columns alignwide is-layout-flex wp-container-core-columns-is-layout-d1c656ed wp-block-columns-is-layout-flex\">\n<div class=\"wp-block-column is-layout-flow wp-block-column-is-layout-flow\" style=\"flex-basis:50%\"><\/div>\n\n\n\n<div class=\"wp-block-column is-vertically-aligned-center is-layout-flow wp-block-column-is-layout-flow\" style=\"flex-basis:40%\"><\/div>\n<\/div>\n<\/div>\n<\/div>\n\n\n\n<div class=\"wp-block-group alignfull has-base-background-color has-background has-global-padding is-layout-constrained wp-container-core-group-is-layout-1131737d wp-block-group-is-layout-constrained\" style=\"margin-top:0;margin-bottom:0;padding-top:var(--wp--preset--spacing--20);padding-right:var(--wp--preset--spacing--20);padding-bottom:var(--wp--preset--spacing--20);padding-left:var(--wp--preset--spacing--20)\">\n<div class=\"wp-block-group alignwide has-global-padding is-layout-constrained wp-container-core-group-is-layout-19e250f3 wp-block-group-is-layout-constrained\">\n<div class=\"wp-block-group is-vertical is-content-justification-center is-layout-flex wp-container-core-group-is-layout-6329a8f3 wp-block-group-is-layout-flex\">\n<h2 class=\"wp-block-heading has-text-align-center is-style-asterisk\">Betreuung in den Kaiser-Logen<\/h2>\n<\/div>\n\n\n\n<div style=\"height:var(--wp--preset--spacing--40)\" aria-hidden=\"true\" class=\"wp-block-spacer\"><\/div>\n\n\n\n<div class=\"wp-block-columns alignwide is-layout-flex wp-container-core-columns-is-layout-d1c656ed wp-block-columns-is-layout-flex\">\n<div class=\"wp-block-column is-vertically-aligned-center is-layout-flow wp-block-column-is-layout-flow\" style=\"flex-basis:40%\">\n<h3 class=\"wp-block-heading is-style-asterisk\">Das Betreuungskonzept<\/h3>\n\n\n\n<p>Das Betreuungskonzept der Kaiser-Logen orientiert sich an der DIN 77800 \u201eBetreutes Wohnen\u201c. Wir bieten Ihnen barrierefreie und seniorengerechte Wohnungen in Verbindung mit individuell vereinbarten Dienstleistungen an. Abh\u00e4ngig von Ihren Bedarfen k\u00f6nnen Sie zus\u00e4tzlich zu Grund-leistungen aus weiteren Leistungen w\u00e4hlen (z.B. Hausnotruf, Beratung, Vermittlung von pflegerischen Leistungen etc.).&nbsp;<\/p>\n<\/div>\n\n\n\n<div class=\"wp-block-column is-layout-flow wp-block-column-is-layout-flow\" style=\"flex-basis:50%\">\n<div class=\"wp-block-group is-nowrap is-layout-flex wp-container-core-group-is-layout-6c531013 wp-block-group-is-layout-flex\">\n<div style=\"height:var(--wp--preset--spacing--40);width:0px\" aria-hidden=\"true\" class=\"wp-block-spacer wp-container-content-9d1f8957\"><\/div>\n\n\n\n<figure class=\"wp-block-image size-large is-style-rounded is-style-rounded--5\"><img loading=\"lazy\" decoding=\"async\" width=\"1024\" height=\"1024\" src=\"https:\/\/www.medilux-mobile-pflege.de\/wp-content\/uploads\/2025\/01\/1_4-Foto_01-1024x1024.jpg\" alt=\"\" class=\"wp-image-15\" srcset=\"https:\/\/www.medilux-mobile-pflege.de\/wp-content\/uploads\/2025\/01\/1_4-Foto_01-1024x1024.jpg 1024w, https:\/\/www.medilux-mobile-pflege.de\/wp-content\/uploads\/2025\/01\/1_4-Foto_01-300x300.jpg 300w, https:\/\/www.medilux-mobile-pflege.de\/wp-content\/uploads\/2025\/01\/1_4-Foto_01-150x150.jpg 150w, https:\/\/www.medilux-mobile-pflege.de\/wp-content\/uploads\/2025\/01\/1_4-Foto_01-768x768.jpg 768w, https:\/\/www.medilux-mobile-pflege.de\/wp-content\/uploads\/2025\/01\/1_4-Foto_01-1536x1536.jpg 1536w, https:\/\/www.medilux-mobile-pflege.de\/wp-content\/uploads\/2025\/01\/1_4-Foto_01-2048x2048.jpg 2048w\" sizes=\"auto, (max-width: 1024px) 100vw, 1024px\" \/><\/figure>\n<\/div>\n<\/div>\n<\/div>\n\n\n\n<div style=\"height:var(--wp--preset--spacing--40)\" aria-hidden=\"true\" class=\"wp-block-spacer\"><\/div>\n\n\n\n<div class=\"wp-block-columns alignwide is-layout-flex wp-container-core-columns-is-layout-d1c656ed wp-block-columns-is-layout-flex\">\n<div class=\"wp-block-column is-layout-flow wp-block-column-is-layout-flow\" style=\"flex-basis:50%\">\n<figure class=\"wp-block-image size-large is-style-rounded is-style-rounded--6\"><img loading=\"lazy\" decoding=\"async\" width=\"1024\" height=\"576\" src=\"https:\/\/www.medilux-mobile-pflege.de\/wp-content\/uploads\/2025\/01\/1_3-Foto-scaled-1-1024x576.jpg\" alt=\"\" class=\"wp-image-14\" srcset=\"https:\/\/www.medilux-mobile-pflege.de\/wp-content\/uploads\/2025\/01\/1_3-Foto-scaled-1-1024x576.jpg 1024w, https:\/\/www.medilux-mobile-pflege.de\/wp-content\/uploads\/2025\/01\/1_3-Foto-scaled-1-300x169.jpg 300w, https:\/\/www.medilux-mobile-pflege.de\/wp-content\/uploads\/2025\/01\/1_3-Foto-scaled-1-768x432.jpg 768w, https:\/\/www.medilux-mobile-pflege.de\/wp-content\/uploads\/2025\/01\/1_3-Foto-scaled-1-1536x864.jpg 1536w, https:\/\/www.medilux-mobile-pflege.de\/wp-content\/uploads\/2025\/01\/1_3-Foto-scaled-1-2048x1152.jpg 2048w\" sizes=\"auto, (max-width: 1024px) 100vw, 1024px\" \/><\/figure>\n<\/div>\n\n\n\n<div class=\"wp-block-column is-vertically-aligned-center is-layout-flow wp-block-column-is-layout-flow\" style=\"flex-basis:40%\">\n<h3 class=\"wp-block-heading is-style-asterisk\">Die Umgebung<\/h3>\n\n\n\n<p>Die Kaiser-Logen bieten neben den \u00e4sthetisch und bedarfsgerecht gestalteten Wohnungen und Au\u00dfenanlagen eine gute Infrastruktur.&nbsp;Einkaufsm\u00f6glichkeiten,&nbsp;Gesundheitsdienstleistungen und Naherholungsm\u00f6glichkeiten spielen&nbsp;f\u00fcr das \u201eBetreute Wohnen\u201c eine besondere Rolle.&nbsp;Sprechen Sie uns bei Interesse gern an.&nbsp;<\/p>\n<\/div>\n<\/div>\n<\/div>\n<\/div>\n\n\n\n<div class=\"wp-block-group alignfull has-background has-global-padding is-layout-constrained wp-container-core-group-is-layout-1131737d wp-block-group-is-layout-constrained\" style=\"background-color:#fef0fe;margin-top:0;margin-bottom:0;padding-top:var(--wp--preset--spacing--20);padding-right:var(--wp--preset--spacing--20);padding-bottom:var(--wp--preset--spacing--20);padding-left:var(--wp--preset--spacing--20)\">\n<div class=\"wp-block-group alignwide has-global-padding is-layout-constrained wp-container-core-group-is-layout-19e250f3 wp-block-group-is-layout-constrained\">\n<div class=\"wp-block-group is-vertical is-content-justification-center is-layout-flex wp-container-core-group-is-layout-6329a8f3 wp-block-group-is-layout-flex\">\n<h2 class=\"wp-block-heading has-text-align-center is-style-asterisk\" id=\"Kontakt\">Kontakt aufnehmen<\/h2>\n<\/div>\n\n\n\n<div style=\"height:var(--wp--preset--spacing--40)\" aria-hidden=\"true\" class=\"wp-block-spacer\"><\/div>\n\n\n\n<div class=\"wp-block-columns alignwide is-layout-flex wp-container-core-columns-is-layout-d1c656ed wp-block-columns-is-layout-flex\">\n<div class=\"wp-block-column is-vertically-aligned-center is-layout-flow wp-block-column-is-layout-flow\" style=\"flex-basis:40%\">\n<h3 class=\"wp-block-heading is-style-default\">MediLux &#8211; Mobile &#8211; Pflege GmbH<\/h3>\n\n\n\n<p>Alte Mayener Stra\u00dfe 5&nbsp;<\/p>\n\n\n\n<p>56759 Kaisersesch&nbsp;<\/p>\n\n\n\n<p>Tel.: 0 26 53 \u2013 91 51 515&nbsp;<\/p>\n\n\n\n<p>Mobil: 0152 \u2013 53 58 70 61&nbsp;<\/p>\n\n\n\n<p>E-Mail: info@medilux-mobile-pflege.de<\/p>\n\n\n\n<p>Internet: www.medilux-mobile-pflege.de<\/p>\n<\/div>\n\n\n\n<div class=\"wp-block-column is-layout-flow wp-block-column-is-layout-flow\" style=\"flex-basis:50%\">\n<div class=\"wp-block-group is-nowrap is-layout-flex wp-container-core-group-is-layout-6c531013 wp-block-group-is-layout-flex\">\n<div style=\"height:var(--wp--preset--spacing--40);width:0px\" aria-hidden=\"true\" class=\"wp-block-spacer wp-container-content-9d1f8957\"><\/div>\n\n\n\n<figure class=\"wp-block-image size-medium is-style-rounded is-style-rounded--7\"><img loading=\"lazy\" decoding=\"async\" width=\"300\" height=\"200\" src=\"https:\/\/www.medilux-mobile-pflege.de\/wp-content\/uploads\/2025\/01\/bpa_Logo_vierzeilig-300x200.jpg\" alt=\"\" class=\"wp-image-24\" srcset=\"https:\/\/www.medilux-mobile-pflege.de\/wp-content\/uploads\/2025\/01\/bpa_Logo_vierzeilig-300x200.jpg 300w, https:\/\/www.medilux-mobile-pflege.de\/wp-content\/uploads\/2025\/01\/bpa_Logo_vierzeilig-1024x682.jpg 1024w, https:\/\/www.medilux-mobile-pflege.de\/wp-content\/uploads\/2025\/01\/bpa_Logo_vierzeilig-768x512.jpg 768w, https:\/\/www.medilux-mobile-pflege.de\/wp-content\/uploads\/2025\/01\/bpa_Logo_vierzeilig-1536x1024.jpg 1536w, https:\/\/www.medilux-mobile-pflege.de\/wp-content\/uploads\/2025\/01\/bpa_Logo_vierzeilig.jpg 1772w\" sizes=\"auto, (max-width: 300px) 100vw, 300px\" \/><\/figure>\n<\/div>\n\n\n\n<div class=\"wp-block-group is-nowrap is-layout-flex wp-container-core-group-is-layout-6c531013 wp-block-group-is-layout-flex\">\n<div style=\"height:var(--wp--preset--spacing--40);width:0px\" aria-hidden=\"true\" class=\"wp-block-spacer wp-container-content-9d1f8957\"><\/div>\n\n\n\n<p class=\"has-text-align-left\">Wir sind Partner aller Kassen und Pflegekassen. <\/p>\n<\/div>\n<\/div>\n<\/div>\n<\/div>\n\n\n\n<p class=\"has-text-align-center\"><a href=\"https:\/\/www.medilux-mobile-pflege.de\/index.php\/impressum\/\" data-type=\"page\" data-id=\"29\">Impressum \/ Datenschutzerkl\u00e4rung<\/a><\/p>\n<\/div>\n\n\n\n<p><\/p>\n","protected":false},"excerpt":{"rendered":"<p>Individuelle Pflege und Betreuung im gewohnten Umfeld Wir freuen uns, dass Sie uns gefunden haben! Wenn h\u00e4usliche Pflege f\u00fcr Sie oder einen Angeh\u00f6rigen zum Thema wird, nehmen wir uns gerne die Zeit f\u00fcr eine pers\u00f6nliche und ausf\u00fchrliche Beratung in unseren Gesch\u00e4ftsr\u00e4umen oder bei Ihnen zu Hause. Gemeinsam finden wir eine individuelle L\u00f6sung f\u00fcr Ihre W\u00fcnsche. [&hellip;]<\/p>\n","protected":false},"author":1,"featured_media":0,"parent":0,"menu_order":0,"comment_status":"closed","ping_status":"closed","template":"","meta":{"footnotes":""},"class_list":["post-12","page","type-page","status-publish","hentry"],"_links":{"self":[{"href":"https:\/\/www.medilux-mobile-pflege.de\/index.php\/wp-json\/wp\/v2\/pages\/12","targetHints":{"allow":["GET"]}}],"collection":[{"href":"https:\/\/www.medilux-mobile-pflege.de\/index.php\/wp-json\/wp\/v2\/pages"}],"about":[{"href":"https:\/\/www.medilux-mobile-pflege.de\/index.php\/wp-json\/wp\/v2\/types\/page"}],"author":[{"embeddable":true,"href":"https:\/\/www.medilux-mobile-pflege.de\/index.php\/wp-json\/wp\/v2\/users\/1"}],"replies":[{"embeddable":true,"href":"https:\/\/www.medilux-mobile-pflege.de\/index.php\/wp-json\/wp\/v2\/comments?post=12"}],"version-history":[{"count":4,"href":"https:\/\/www.medilux-mobile-pflege.de\/index.php\/wp-json\/wp\/v2\/pages\/12\/revisions"}],"predecessor-version":[{"id":52,"href":"https:\/\/www.medilux-mobile-pflege.de\/index.php\/wp-json\/wp\/v2\/pages\/12\/revisions\/52"}],"wp:attachment":[{"href":"https:\/\/www.medilux-mobile-pflege.de\/index.php\/wp-json\/wp\/v2\/media?parent=12"}],"curies":[{"name":"wp","href":"https:\/\/api.w.org\/{rel}","templated":true}]}}